{"id":3103,"date":"2024-11-26T14:02:04","date_gmt":"2024-11-26T14:02:04","guid":{"rendered":"https:\/\/tekagacshop.com\/bize-ulasin\/"},"modified":"2025-04-20T10:32:51","modified_gmt":"2025-04-20T07:32:51","slug":"bize-ulasin","status":"publish","type":"page","link":"https:\/\/tekagacshop.com\/en\/bize-ulasin\/","title":{"rendered":"Contact us"},"content":{"rendered":"\t\t<div data-elementor-type=\"wp-page\" data-elementor-id=\"3103\" class=\"elementor elementor-3103 elementor-274\" data-elementor-post-type=\"page\">\n\t\t\t\t<div class=\"elementor-element elementor-element-fcb6010 e-flex e-con-boxed e-con e-parent\" data-id=\"fcb6010\" data-element_type=\"container\" data-settings=\"{&quot;background_background&quot;:&quot;classic&quot;,&quot;jet_parallax_layout_list&quot;:[]}\">\n\t\t\t\t\t<div class=\"e-con-inner\">\n\t\t<div class=\"elementor-element elementor-element-334678b e-con-full e-flex e-con e-child\" data-id=\"334678b\" data-element_type=\"container\" data-settings=\"{&quot;jet_parallax_layout_list&quot;:[]}\">\n\t\t<div class=\"elementor-element elementor-element-75b40b7 e-con-full e-flex e-con e-child\" data-id=\"75b40b7\" data-element_type=\"container\" data-settings=\"{&quot;jet_parallax_layout_list&quot;:[]}\">\n\t\t\t\t<div class=\"elementor-element elementor-element-db292b3 elementor-widget elementor-widget-text-editor\" data-id=\"db292b3\" data-element_type=\"widget\" data-widget_type=\"text-editor.default\">\n\t\t\t\t<div class=\"elementor-widget-container\">\n\t\t\t\t\t\t\t\t\t<p>Teka\u011fa\u00e7Shop<\/p>\n\t\t\t\t\t\t\t\t<\/div>\n\t\t\t\t<\/div>\n\t\t\t\t<div class=\"elementor-element elementor-element-3960b12 elementor-widget elementor-widget-heading\" data-id=\"3960b12\" data-element_type=\"widget\" data-widget_type=\"heading.default\">\n\t\t\t\t<div class=\"elementor-widget-container\">\n\t\t\t\t\t<h1 class=\"elementor-heading-title elementor-size-default\">Contact us<\/h1>\t\t\t\t<\/div>\n\t\t\t\t<\/div>\n\t\t\t\t<div class=\"elementor-element elementor-element-74aa8f2 elementor-widget elementor-widget-text-editor\" data-id=\"74aa8f2\" data-element_type=\"widget\" data-widget_type=\"text-editor.default\">\n\t\t\t\t<div class=\"elementor-widget-container\">\n\t\t\t\t\t\t\t\t\t<p>We are always by your side.<\/p>\n\t\t\t\t\t\t\t\t<\/div>\n\t\t\t\t<\/div>\n\t\t\t\t<\/div>\n\t\t\t\t<\/div>\n\t\t\t\t\t<\/div>\n\t\t\t\t<\/div>\n\t\t<div class=\"elementor-element elementor-element-054947c e-flex e-con-boxed e-con e-parent\" data-id=\"054947c\" data-element_type=\"container\" data-settings=\"{&quot;background_background&quot;:&quot;classic&quot;,&quot;jet_parallax_layout_list&quot;:[]}\">\n\t\t\t\t\t<div class=\"e-con-inner\">\n\t\t<div class=\"elementor-element elementor-element-4f5fd90 e-con-full e-flex e-con e-child\" data-id=\"4f5fd90\" data-element_type=\"container\" data-settings=\"{&quot;jet_parallax_layout_list&quot;:[]}\">\n\t\t<div class=\"elementor-element elementor-element-e5b1655 e-con-full e-flex e-con e-child\" data-id=\"e5b1655\" data-element_type=\"container\" data-settings=\"{&quot;jet_parallax_layout_list&quot;:[]}\">\n\t\t\t\t<div class=\"elementor-element elementor-element-cf5edec elementor-widget elementor-widget-heading\" data-id=\"cf5edec\" data-element_type=\"widget\" data-widget_type=\"heading.default\">\n\t\t\t\t<div class=\"elementor-widget-container\">\n\t\t\t\t\t<h2 class=\"elementor-heading-title elementor-size-default\">Contact us<\/h2>\t\t\t\t<\/div>\n\t\t\t\t<\/div>\n\t\t\t\t<div class=\"elementor-element elementor-element-03b8e85 elementor-widget elementor-widget-text-editor\" data-id=\"03b8e85\" data-element_type=\"widget\" data-widget_type=\"text-editor.default\">\n\t\t\t\t<div class=\"elementor-widget-container\">\n\t\t\t\t\t\t\t\t\t<p>You can reach us by filling out the form below. If you want to get a quick response, you can use the site&#8217;s chat during business hours.<\/p>\n\t\t\t\t\t\t\t\t<\/div>\n\t\t\t\t<\/div>\n\t\t\t\t<div class=\"elementor-element elementor-element-d03f863 elementor-button-align-stretch elementor-widget elementor-widget-form\" data-id=\"d03f863\" data-element_type=\"widget\" data-settings=\"{&quot;step_next_label&quot;:&quot;Next&quot;,&quot;step_previous_label&quot;:&quot;Previous&quot;,&quot;button_width&quot;:&quot;100&quot;,&quot;step_type&quot;:&quot;number_text&quot;,&quot;step_icon_shape&quot;:&quot;circle&quot;}\" data-widget_type=\"form.default\">\n\t\t\t\t<div class=\"elementor-widget-container\">\n\t\t\t\t\t\t\t<form class=\"elementor-form\" method=\"post\" name=\"New Form\">\n\t\t\t<input type=\"hidden\" name=\"post_id\" value=\"3103\"\/>\n\t\t\t<input type=\"hidden\" name=\"form_id\" value=\"d03f863\"\/>\n\t\t\t<input type=\"hidden\" name=\"referer_title\" value=\"Contact us\" \/>\n\n\t\t\t\t\t\t\t<input type=\"hidden\" name=\"queried_id\" value=\"3103\"\/>\n\t\t\t\n\t\t\t<div class=\"elementor-form-fields-wrapper elementor-labels-\">\n\t\t\t\t\t\t\t\t<div class=\"elementor-field-type-text elementor-field-group elementor-column elementor-field-group-name elementor-col-100\">\n\t\t\t\t\t\t\t\t\t\t\t\t<label for=\"form-field-name\" class=\"elementor-field-label elementor-screen-only\">\n\t\t\t\t\t\t\t\tName\t\t\t\t\t\t\t<\/label>\n\t\t\t\t\t\t\t\t\t\t\t\t\t\t<input size=\"1\" type=\"text\" name=\"form_fields[name]\" id=\"form-field-name\" class=\"elementor-field elementor-size-sm  elementor-field-textual\" placeholder=\"your name\">\n\t\t\t\t\t\t\t\t\t\t\t<\/div>\n\t\t\t\t\t\t\t\t<div class=\"elementor-field-type-email elementor-field-group elementor-column elementor-field-group-email elementor-col-100\">\n\t\t\t\t\t\t\t\t\t\t\t\t<label for=\"form-field-email\" class=\"elementor-field-label elementor-screen-only\">\n\t\t\t\t\t\t\t\tEmail\t\t\t\t\t\t\t<\/label>\n\t\t\t\t\t\t\t\t\t\t\t\t\t\t<input size=\"1\" type=\"email\" name=\"form_fields[email]\" id=\"form-field-email\" class=\"elementor-field elementor-size-sm  elementor-field-textual\" placeholder=\"Email\">\n\t\t\t\t\t\t\t\t\t\t\t<\/div>\n\t\t\t\t\t\t\t\t<div class=\"elementor-field-type-tel elementor-field-group elementor-column elementor-field-group-message elementor-col-100 elementor-field-required\">\n\t\t\t\t\t\t\t\t\t\t\t\t<label for=\"form-field-message\" class=\"elementor-field-label elementor-screen-only\">\n\t\t\t\t\t\t\t\tPhone Number\t\t\t\t\t\t\t<\/label>\n\t\t\t\t\t\t\t\t<input size=\"1\" type=\"tel\" name=\"form_fields[message]\" id=\"form-field-message\" class=\"elementor-field elementor-size-sm  elementor-field-textual\" placeholder=\"Phone Number\" required=\"required\" pattern=\"[0-9()#&amp;+*-=.]+\" title=\"Only numbers and phone characters (#, -, *, etc) are accepted.\">\n\n\t\t\t\t\t\t<\/div>\n\t\t\t\t\t\t\t\t<div class=\"elementor-field-type-select elementor-field-group elementor-column elementor-field-group-field_65440c8 elementor-col-100 elementor-field-required\">\n\t\t\t\t\t\t\t\t\t\t\t\t<label for=\"form-field-field_65440c8\" class=\"elementor-field-label elementor-screen-only\">\n\t\t\t\t\t\t\t\tHow did you hear about us?\t\t\t\t\t\t\t<\/label>\n\t\t\t\t\t\t\t\t<div class=\"elementor-field elementor-select-wrapper remove-before \">\n\t\t\t<div class=\"select-caret-down-wrapper\">\n\t\t\t\t<svg aria-hidden=\"true\" class=\"e-font-icon-svg e-eicon-caret-down\" viewBox=\"0 0 571.4 571.4\" xmlns=\"http:\/\/www.w3.org\/2000\/svg\"><path d=\"M571 393Q571 407 561 418L311 668Q300 679 286 679T261 668L11 418Q0 407 0 393T11 368 36 357H536Q550 357 561 368T571 393Z\"><\/path><\/svg>\t\t\t<\/div>\n\t\t\t<select name=\"form_fields[field_65440c8]\" id=\"form-field-field_65440c8\" class=\"elementor-field-textual elementor-size-sm\" required=\"required\">\n\t\t\t\t\t\t\t\t\t<option value=\"How did you hear about us?&lt;br&gt;Facebook&lt;br&gt;Instagram&lt;br&gt;Google&lt;br&gt;Friend\/Ale&lt;br&gt;\u0130nternet\">How did you hear about us?&lt;br&gt;Facebook&lt;br&gt;Instagram&lt;br&gt;Google&lt;br&gt;Friend\/Ale&lt;br&gt;\u0130nternet<\/option>\n\t\t\t\t\t\t\t<\/select>\n\t\t<\/div>\n\t\t\t\t\t\t<\/div>\n\t\t\t\t\t\t\t\t<div class=\"elementor-field-group elementor-column elementor-field-type-submit elementor-col-100 e-form__buttons\">\n\t\t\t\t\t<button class=\"elementor-button elementor-size-sm\" type=\"submit\">\n\t\t\t\t\t\t<span class=\"elementor-button-content-wrapper\">\n\t\t\t\t\t\t\t\t\t\t\t\t\t\t\t\t\t\t\t\t\t\t<span class=\"elementor-button-text\">Get in touch<\/span>\n\t\t\t\t\t\t\t\t\t\t\t\t\t<\/span>\n\t\t\t\t\t<\/button>\n\t\t\t\t<\/div>\n\t\t\t<\/div>\n\t\t<\/form>\n\t\t\t\t\t\t<\/div>\n\t\t\t\t<\/div>\n\t\t<div class=\"elementor-element elementor-element-c4e8002 e-grid e-con-full e-con e-child\" data-id=\"c4e8002\" data-element_type=\"container\" data-settings=\"{&quot;jet_parallax_layout_list&quot;:[]}\">\n\t\t\t\t<div class=\"elementor-element elementor-element-32380e4 elementor-position-left elementor-view-default elementor-mobile-position-top elementor-widget elementor-widget-icon-box\" data-id=\"32380e4\" data-element_type=\"widget\" data-widget_type=\"icon-box.default\">\n\t\t\t\t<div class=\"elementor-widget-container\">\n\t\t\t\t\t\t\t<div class=\"elementor-icon-box-wrapper\">\n\n\t\t\t\t\t\t<div class=\"elementor-icon-box-icon\">\n\t\t\t\t<a href=\"tel:03%205432%201234\" class=\"elementor-icon\" tabindex=\"-1\" aria-label=\"TELEPHONE\">\n\t\t\t\t<svg xmlns=\"http:\/\/www.w3.org\/2000\/svg\" width=\"29\" height=\"29\" viewBox=\"0 0 29 29\" fill=\"none\"><path d=\"M16.2047 0.423828V2.35227C18.1121 2.35227 19.899 2.83437 21.5655 3.79859C23.1516 4.74272 24.4165 6.00826 25.3602 7.5952C26.3239 9.2625 26.8058 11.0503 26.8058 12.9587H28.7332C28.7332 10.6887 28.161 8.57951 27.0166 6.63098C25.9123 4.74272 24.4165 3.24618 22.5292 2.14134C20.5817 0.996333 18.4735 0.423828 16.2047 0.423828ZM6.23617 3.31648C5.69408 3.31648 5.22225 3.48723 4.8207 3.82872L1.71869 6.99257L1.80904 6.9323C1.3071 7.35415 0.975821 7.87643 0.815199 8.49916C0.674655 9.12188 0.714811 9.72452 0.935665 10.3071C1.49784 11.8739 2.25075 13.481 3.1944 15.1282C4.51953 17.3981 6.09563 19.437 7.9227 21.2449C10.854 24.1978 14.4981 26.528 18.855 28.2355H18.8851C19.4674 28.4364 20.0496 28.4766 20.6319 28.356C21.2342 28.2355 21.7663 27.9744 22.228 27.5726L25.2698 24.5293C25.6714 24.1275 25.8721 23.6354 25.8721 23.0528C25.8721 22.4502 25.6714 21.948 25.2698 21.5462L21.3246 17.5688C20.923 17.1671 20.4211 16.9662 19.8187 16.9662C19.2164 16.9662 18.7145 17.1671 18.3129 17.5688L16.4156 19.4973C14.8897 18.7741 13.5645 17.8802 12.4402 16.8155C11.3158 15.7308 10.4224 14.415 9.75981 12.8683L11.6873 10.9398C12.1089 10.4979 12.3197 9.97562 12.3197 9.37298C12.3197 8.75026 12.0788 8.24806 11.5969 7.86639L11.6873 7.95678L7.65165 3.82872C7.2501 3.48723 6.77827 3.31648 6.23617 3.31648ZM16.2047 4.2807V6.20914C17.4295 6.20914 18.5538 6.51046 19.5778 7.11309C20.6218 7.71573 21.445 8.53933 22.0473 9.5839C22.6497 10.6084 22.9508 11.7333 22.9508 12.9587H24.8783C24.8783 11.3918 24.4868 9.93544 23.7038 8.58955C22.9207 7.28384 21.8767 6.23927 20.5716 5.45584C19.2264 4.67242 17.7708 4.2807 16.2047 4.2807ZM6.23617 5.24492C6.29641 5.24492 6.36668 5.27505 6.44699 5.33532L10.3923 9.37298C10.4123 9.45333 10.3923 9.52364 10.332 9.5839L7.47095 12.4163L7.68177 13.0189L8.07328 13.8626C8.39452 14.5456 8.76596 15.2085 9.18759 15.8513C9.76985 16.7553 10.4123 17.5287 11.115 18.1715C12.0587 19.0955 13.1931 19.9392 14.5182 20.7025C15.1808 21.0842 15.743 21.3654 16.2047 21.5462L16.8071 21.8174L19.7284 18.8946C19.7685 18.8545 19.7986 18.8344 19.8187 18.8344C19.8388 18.8344 19.8689 18.8545 19.9091 18.8946L23.9748 22.9624C24.015 23.0026 24.035 23.0327 24.035 23.0528C24.035 23.0528 24.015 23.0729 23.9748 23.1131L20.9632 26.0961C20.5214 26.4778 20.0396 26.5783 19.5176 26.3975C15.4217 24.8105 12.0085 22.641 9.27794 19.889C7.59142 18.2016 6.11571 16.2832 4.85081 14.1338C3.94732 12.587 3.2446 11.0905 2.74266 9.64417V9.61404C2.66235 9.43324 2.65231 9.22232 2.71254 8.98127C2.77277 8.72012 2.8832 8.51925 3.04382 8.37863L6.02536 5.33532C6.08559 5.27505 6.15586 5.24492 6.23617 5.24492ZM16.2047 8.13758V10.066C17.0078 10.066 17.6905 10.3472 18.2527 10.9097C18.8148 11.4722 19.0959 12.1552 19.0959 12.9587H21.0234C21.0234 12.0949 20.8025 11.2914 20.3608 10.5481C19.9392 9.80487 19.3569 9.22232 18.6141 8.80048C17.8712 8.35854 17.0681 8.13758 16.2047 8.13758Z\" fill=\"#282828\"><\/path><\/svg>\t\t\t\t<\/a>\n\t\t\t<\/div>\n\t\t\t\n\t\t\t\t\t\t<div class=\"elementor-icon-box-content\">\n\n\t\t\t\t\t\t\t\t\t<h3 class=\"elementor-icon-box-title\">\n\t\t\t\t\t\t<a href=\"tel:03%205432%201234\" >\n\t\t\t\t\t\t\tTELEPHONE\t\t\t\t\t\t<\/a>\n\t\t\t\t\t<\/h3>\n\t\t\t\t\n\t\t\t\t\t\t\t\t\t<p class=\"elementor-icon-box-description\">\n\t\t\t\t\t\t0282 261 38 66\t\t\t\t\t<\/p>\n\t\t\t\t\n\t\t\t<\/div>\n\t\t\t\n\t\t<\/div>\n\t\t\t\t\t\t<\/div>\n\t\t\t\t<\/div>\n\t\t\t\t<div class=\"elementor-element elementor-element-be66f09 elementor-position-left elementor-view-default elementor-mobile-position-top elementor-widget elementor-widget-icon-box\" data-id=\"be66f09\" data-element_type=\"widget\" data-widget_type=\"icon-box.default\">\n\t\t\t\t<div class=\"elementor-widget-container\">\n\t\t\t\t\t\t\t<div class=\"elementor-icon-box-wrapper\">\n\n\t\t\t\t\t\t<div class=\"elementor-icon-box-icon\">\n\t\t\t\t<span  class=\"elementor-icon\">\n\t\t\t\t<svg xmlns=\"http:\/\/www.w3.org\/2000\/svg\" width=\"28\" height=\"28\" viewBox=\"0 0 28 28\" fill=\"none\"><path d=\"M10.0625 1.64062V6.5625H8.09375V4.59375H2.1875V22.3125H4.15625V23.2969C4.15625 24.0967 4.44336 24.7837 5.01758 25.3579C5.6123 25.9526 6.30957 26.25 7.10938 26.25C7.90918 26.25 8.59619 25.9526 9.17041 25.3579C9.76514 24.7837 10.0625 24.0967 10.0625 23.2969V22.3125H25.8125V6.5625H21.875V1.64062H10.0625ZM12.0312 3.60938H19.9062V8.53125H12.0312V3.60938ZM4.15625 6.5625H6.125V20.3438H4.15625V6.5625ZM8.09375 8.53125H10.0625V10.5H21.875V8.53125H23.8438V20.3438H8.09375V8.53125ZM11.0469 12.4688V14.4375H13.0156V12.4688H11.0469ZM14.9844 12.4688V14.4375H16.9531V12.4688H14.9844ZM18.9219 12.4688V14.4375H20.8906V12.4688H18.9219ZM11.0469 16.4062V18.375H13.0156V16.4062H11.0469ZM14.9844 16.4062V18.375H16.9531V16.4062H14.9844ZM18.9219 16.4062V18.375H20.8906V16.4062H18.9219ZM6.125 22.3125H8.09375V23.2969C8.09375 23.5635 7.99121 23.7993 7.78613 24.0044C7.60156 24.189 7.37598 24.2812 7.10938 24.2812C6.84277 24.2812 6.60693 24.189 6.40186 24.0044C6.21729 23.7993 6.125 23.5635 6.125 23.2969V22.3125Z\" fill=\"#282828\"><\/path><\/svg>\t\t\t\t<\/span>\n\t\t\t<\/div>\n\t\t\t\n\t\t\t\t\t\t<div class=\"elementor-icon-box-content\">\n\n\t\t\t\t\t\t\t\t\t<h3 class=\"elementor-icon-box-title\">\n\t\t\t\t\t\t<span  >\n\t\t\t\t\t\t\tFAX\t\t\t\t\t\t<\/span>\n\t\t\t\t\t<\/h3>\n\t\t\t\t\n\t\t\t\t\t\t\t\t\t<p class=\"elementor-icon-box-description\">\n\t\t\t\t\t\t0282 261 38 59\t\t\t\t\t<\/p>\n\t\t\t\t\n\t\t\t<\/div>\n\t\t\t\n\t\t<\/div>\n\t\t\t\t\t\t<\/div>\n\t\t\t\t<\/div>\n\t\t\t\t<div class=\"elementor-element elementor-element-aec3164 elementor-position-left elementor-view-default elementor-mobile-position-top elementor-widget elementor-widget-icon-box\" data-id=\"aec3164\" data-element_type=\"widget\" data-widget_type=\"icon-box.default\">\n\t\t\t\t<div class=\"elementor-widget-container\">\n\t\t\t\t\t\t\t<div class=\"elementor-icon-box-wrapper\">\n\n\t\t\t\t\t\t<div class=\"elementor-icon-box-icon\">\n\t\t\t\t<a href=\"mailto:destek@tekagacshop.com\" class=\"elementor-icon\" tabindex=\"-1\" aria-label=\"EMAIL\">\n\t\t\t\t<svg xmlns=\"http:\/\/www.w3.org\/2000\/svg\" width=\"28\" height=\"28\" viewBox=\"0 0 28 28\" fill=\"none\"><path d=\"M7.95455 2.625V4.59624L1.75 8.63565V25.375H26.5682V8.63565L20.3636 4.59624V2.625H7.95455ZM10.0227 4.69318H18.2955V12.6428L14.1591 15.3249L10.0227 12.6428V4.69318ZM11.0568 6.76136V8.82955H17.2614V6.76136H11.0568ZM7.95455 7.0522V11.2855L4.6907 9.18501L7.95455 7.0522ZM20.3636 7.0522L23.6275 9.18501L20.3636 11.2855V7.0522ZM11.0568 9.86364V11.9318H17.2614V9.86364H11.0568ZM3.81818 11.0916L14.1591 17.7809L24.5 11.0916V23.3068H3.81818V11.0916Z\" fill=\"#282828\"><\/path><\/svg>\t\t\t\t<\/a>\n\t\t\t<\/div>\n\t\t\t\n\t\t\t\t\t\t<div class=\"elementor-icon-box-content\">\n\n\t\t\t\t\t\t\t\t\t<h3 class=\"elementor-icon-box-title\">\n\t\t\t\t\t\t<a href=\"mailto:destek@tekagacshop.com\" >\n\t\t\t\t\t\t\tEMAIL\t\t\t\t\t\t<\/a>\n\t\t\t\t\t<\/h3>\n\t\t\t\t\n\t\t\t\t\t\t\t\t\t<p class=\"elementor-icon-box-description\">\n\t\t\t\t\t\tdestek@tekagacshop.com\t\t\t\t\t<\/p>\n\t\t\t\t\n\t\t\t<\/div>\n\t\t\t\n\t\t<\/div>\n\t\t\t\t\t\t<\/div>\n\t\t\t\t<\/div>\n\t\t\t\t<\/div>\n\t\t\t\t<\/div>\n\t\t<div class=\"elementor-element elementor-element-078c0c2 e-con-full e-flex e-con e-child\" data-id=\"078c0c2\" data-element_type=\"container\" data-settings=\"{&quot;jet_parallax_layout_list&quot;:[]}\">\n\t\t\t\t<div class=\"elementor-element elementor-element-30e6aa6 elementor-widget elementor-widget-google_maps\" data-id=\"30e6aa6\" data-element_type=\"widget\" data-widget_type=\"google_maps.default\">\n\t\t\t\t<div class=\"elementor-widget-container\">\n\t\t\t\t\t\t\t<div class=\"elementor-custom-embed\">\n\t\t\t<iframe loading=\"lazy\"\n\t\t\t\t\tsrc=\"https:\/\/maps.google.com\/maps?q=2G58%2BM4%20S%C3%BCleymanpa%C5%9Fa%2C%20Tekirda%C4%9F%2C%20T%C3%BCrkiye&#038;t=m&#038;z=13&#038;output=embed&#038;iwloc=near\"\n\t\t\t\t\ttitle=\"2G58+M4 S\u00fcleymanpa\u015fa, Tekirda\u011f, T\u00fcrkiye\"\n\t\t\t\t\taria-label=\"2G58+M4 S\u00fcleymanpa\u015fa, Tekirda\u011f, T\u00fcrkiye\"\n\t\t\t><\/iframe>\n\t\t<\/div>\n\t\t\t\t\t\t<\/div>\n\t\t\t\t<\/div>\n\t\t\t\t<\/div>\n\t\t\t\t<\/div>\n\t\t\t\t\t<\/div>\n\t\t\t\t<\/div>\n\t\t\t\t<\/div>\n\t\t","protected":false},"excerpt":{"rendered":"<p>Teka\u011fa\u00e7Shop Contact us We are always by your side. Contact us You can reach us by filling out the form below. If you want to get a quick response, you can use the site&#8217;s chat during business hours. TELEPHONE 0282 261 38 66 FAX 0282 261 38 59 EMAIL destek@tekagacshop.com<\/p>\n","protected":false},"author":1,"featured_media":0,"parent":0,"menu_order":0,"comment_status":"closed","ping_status":"closed","template":"","meta":{"footnotes":""},"class_list":["post-3103","page","type-page","status-publish","hentry"],"ams_acf":[],"_links":{"self":[{"href":"https:\/\/tekagacshop.com\/en\/wp-json\/wp\/v2\/pages\/3103","targetHints":{"allow":["GET"]}}],"collection":[{"href":"https:\/\/tekagacshop.com\/en\/wp-json\/wp\/v2\/pages"}],"about":[{"href":"https:\/\/tekagacshop.com\/en\/wp-json\/wp\/v2\/types\/page"}],"author":[{"embeddable":true,"href":"https:\/\/tekagacshop.com\/en\/wp-json\/wp\/v2\/users\/1"}],"replies":[{"embeddable":true,"href":"https:\/\/tekagacshop.com\/en\/wp-json\/wp\/v2\/comments?post=3103"}],"version-history":[{"count":2,"href":"https:\/\/tekagacshop.com\/en\/wp-json\/wp\/v2\/pages\/3103\/revisions"}],"predecessor-version":[{"id":3107,"href":"https:\/\/tekagacshop.com\/en\/wp-json\/wp\/v2\/pages\/3103\/revisions\/3107"}],"wp:attachment":[{"href":"https:\/\/tekagacshop.com\/en\/wp-json\/wp\/v2\/media?parent=3103"}],"curies":[{"name":"wp","href":"https:\/\/api.w.org\/{rel}","templated":true}]}}