{"id":3102,"date":"2024-11-26T14:02:41","date_gmt":"2024-11-26T14:02:41","guid":{"rendered":"https:\/\/tekagacshop.com\/hakkimizda\/"},"modified":"2025-04-20T10:29:23","modified_gmt":"2025-04-20T07:29:23","slug":"hakkimizda","status":"publish","type":"page","link":"https:\/\/tekagacshop.com\/en\/hakkimizda\/","title":{"rendered":"About us"},"content":{"rendered":"\t\t<div data-elementor-type=\"wp-page\" data-elementor-id=\"3102\" class=\"elementor elementor-3102 elementor-276\" data-elementor-post-type=\"page\">\n\t\t\t\t<div class=\"elementor-element elementor-element-bec4028 e-flex e-con-boxed e-con e-parent\" data-id=\"bec4028\" data-element_type=\"container\" data-settings=\"{&quot;background_background&quot;:&quot;classic&quot;,&quot;jet_parallax_layout_list&quot;:[]}\">\n\t\t\t\t\t<div class=\"e-con-inner\">\n\t\t<div class=\"elementor-element elementor-element-f6ad54c e-con-full e-flex e-con e-child\" data-id=\"f6ad54c\" data-element_type=\"container\" data-settings=\"{&quot;jet_parallax_layout_list&quot;:[]}\">\n\t\t<div class=\"elementor-element elementor-element-68da1c4 e-con-full e-flex e-con e-child\" data-id=\"68da1c4\" data-element_type=\"container\" data-settings=\"{&quot;jet_parallax_layout_list&quot;:[],&quot;background_background&quot;:&quot;classic&quot;}\">\n\t\t\t\t<div class=\"elementor-element elementor-element-d2910c9 elementor-widget elementor-widget-text-editor\" data-id=\"d2910c9\" data-element_type=\"widget\" data-widget_type=\"text-editor.default\">\n\t\t\t\t<div class=\"elementor-widget-container\">\n\t\t\t\t\t\t\t\t\t<p>Teka\u011fa\u00e7<\/p>\n\t\t\t\t\t\t\t\t<\/div>\n\t\t\t\t<\/div>\n\t\t\t\t<div class=\"elementor-element elementor-element-3ff67b0 elementor-widget elementor-widget-heading\" data-id=\"3ff67b0\" data-element_type=\"widget\" data-widget_type=\"heading.default\">\n\t\t\t\t<div class=\"elementor-widget-container\">\n\t\t\t\t\t<h1 class=\"elementor-heading-title elementor-size-default\">About us<\/h1>\t\t\t\t<\/div>\n\t\t\t\t<\/div>\n\t\t\t\t<div class=\"elementor-element elementor-element-ee4cb80 elementor-widget elementor-widget-text-editor\" data-id=\"ee4cb80\" data-element_type=\"widget\" data-widget_type=\"text-editor.default\">\n\t\t\t\t<div class=\"elementor-widget-container\">\n\t\t\t\t\t\t\t\t\t<p>T\u00fcrkiye&#8217;s most important wooden door and furniture manufacturer for 55 years<\/p>\n\t\t\t\t\t\t\t\t<\/div>\n\t\t\t\t<\/div>\n\t\t\t\t<\/div>\n\t\t\t\t<\/div>\n\t\t\t\t\t<\/div>\n\t\t\t\t<\/div>\n\t\t<div class=\"elementor-element elementor-element-8e8c477 e-flex e-con-boxed e-con e-parent\" data-id=\"8e8c477\" data-element_type=\"container\" data-settings=\"{&quot;background_background&quot;:&quot;classic&quot;,&quot;jet_parallax_layout_list&quot;:[]}\">\n\t\t\t\t\t<div class=\"e-con-inner\">\n\t\t<div class=\"elementor-element elementor-element-4b48ea1 e-con-full e-flex e-con e-child\" data-id=\"4b48ea1\" data-element_type=\"container\" data-settings=\"{&quot;jet_parallax_layout_list&quot;:[]}\">\n\t\t<div class=\"elementor-element elementor-element-f0d4e66 e-flex e-con-boxed e-con e-child\" data-id=\"f0d4e66\" data-element_type=\"container\" data-settings=\"{&quot;jet_parallax_layout_list&quot;:[]}\">\n\t\t\t\t\t<div class=\"e-con-inner\">\n\t\t\t\t<div class=\"elementor-element elementor-element-8acbd86 elementor-widget elementor-widget-heading\" data-id=\"8acbd86\" data-element_type=\"widget\" data-widget_type=\"heading.default\">\n\t\t\t\t<div class=\"elementor-widget-container\">\n\t\t\t\t\t<h2 class=\"elementor-heading-title elementor-size-default\">About us<\/h2>\t\t\t\t<\/div>\n\t\t\t\t<\/div>\n\t\t\t\t<div class=\"elementor-element elementor-element-d3ad115 elementor-widget elementor-widget-text-editor\" data-id=\"d3ad115\" data-element_type=\"widget\" data-widget_type=\"text-editor.default\">\n\t\t\t\t<div class=\"elementor-widget-container\">\n\t\t\t\t\t\t\t\t\t<p>T\u00fcrkiye&#8217;s leading wooden door and furniture manufacturer<\/p>\n\t\t\t\t\t\t\t\t<\/div>\n\t\t\t\t<\/div>\n\t\t\t\t<div class=\"elementor-element elementor-element-91cef19 elementor-widget elementor-widget-text-editor\" data-id=\"91cef19\" data-element_type=\"widget\" data-widget_type=\"text-editor.default\">\n\t\t\t\t<div class=\"elementor-widget-container\">\n\t\t\t\t\t\t\t\t\t<p>Teka\u011fa\u00e7 has been the leader of T\u00fcrkiye in wooden doors and furniture for 55 years. We have our signature on all kinds of projects, from residence and hotel projects to the Supreme Court and city hospitals. Now, we bring this quality to your home with Teka\u011fa\u00e7Shop.<\/p>\n\t\t\t\t\t\t\t\t<\/div>\n\t\t\t\t<\/div>\n\t\t\t\t\t<\/div>\n\t\t\t\t<\/div>\n\t\t<div class=\"elementor-element elementor-element-6ca36c5 e-con-full e-flex e-con e-child\" data-id=\"6ca36c5\" data-element_type=\"container\" data-settings=\"{&quot;jet_parallax_layout_list&quot;:[]}\">\n\t\t\t\t<div class=\"elementor-element elementor-element-7fa0af0 elementor-widget elementor-widget-image\" data-id=\"7fa0af0\" data-element_type=\"widget\" data-widget_type=\"image.default\">\n\t\t\t\t<div class=\"elementor-widget-container\">\n\t\t\t\t\t\t\t\t\t\t\t\t\t\t\t<img fetchpriority=\"high\" decoding=\"async\" width=\"509\" height=\"395\" src=\"https:\/\/tekagacshop.com\/wp-content\/uploads\/2024\/12\/tekagacshop_hakkimizda_arkaplan_02.jpg\" class=\"attachment-large size-large wp-image-1338\" alt=\"\" srcset=\"https:\/\/tekagacshop.com\/wp-content\/uploads\/2024\/12\/tekagacshop_hakkimizda_arkaplan_02.jpg 509w, https:\/\/tekagacshop.com\/wp-content\/uploads\/2024\/12\/tekagacshop_hakkimizda_arkaplan_02-300x233.jpg 300w\" sizes=\"(max-width: 509px) 100vw, 509px\" \/>\t\t\t\t\t\t\t\t\t\t\t\t\t\t\t<\/div>\n\t\t\t\t<\/div>\n\t\t\t\t<\/div>\n\t\t\t\t<\/div>\n\t\t\t\t\t<\/div>\n\t\t\t\t<\/div>\n\t\t\t\t<\/div>\n\t\t","protected":false},"excerpt":{"rendered":"<p>Teka\u011fa\u00e7 About us T\u00fcrkiye&#8217;s most important wooden door and furniture manufacturer for 55 years About us T\u00fcrkiye&#8217;s leading wooden door and furniture manufacturer Teka\u011fa\u00e7 has been the leader of T\u00fcrkiye in wooden doors and furniture for 55 years. We have our signature on all kinds of projects, from residence and hotel projects to the Supreme [&hellip;]<\/p>\n","protected":false},"author":1,"featured_media":0,"parent":0,"menu_order":0,"comment_status":"closed","ping_status":"closed","template":"","meta":{"footnotes":""},"class_list":["post-3102","page","type-page","status-publish","hentry"],"ams_acf":[],"_links":{"self":[{"href":"https:\/\/tekagacshop.com\/en\/wp-json\/wp\/v2\/pages\/3102","targetHints":{"allow":["GET"]}}],"collection":[{"href":"https:\/\/tekagacshop.com\/en\/wp-json\/wp\/v2\/pages"}],"about":[{"href":"https:\/\/tekagacshop.com\/en\/wp-json\/wp\/v2\/types\/page"}],"author":[{"embeddable":true,"href":"https:\/\/tekagacshop.com\/en\/wp-json\/wp\/v2\/users\/1"}],"replies":[{"embeddable":true,"href":"https:\/\/tekagacshop.com\/en\/wp-json\/wp\/v2\/comments?post=3102"}],"version-history":[{"count":2,"href":"https:\/\/tekagacshop.com\/en\/wp-json\/wp\/v2\/pages\/3102\/revisions"}],"predecessor-version":[{"id":3105,"href":"https:\/\/tekagacshop.com\/en\/wp-json\/wp\/v2\/pages\/3102\/revisions\/3105"}],"wp:attachment":[{"href":"https:\/\/tekagacshop.com\/en\/wp-json\/wp\/v2\/media?parent=3102"}],"curies":[{"name":"wp","href":"https:\/\/api.w.org\/{rel}","templated":true}]}}